{"id":121,"date":"2025-04-15T14:43:01","date_gmt":"2025-04-15T14:43:01","guid":{"rendered":"https:\/\/demo.cocobasic.com\/ocularus-wp\/?page_id=31"},"modified":"2026-02-25T16:41:30","modified_gmt":"2026-02-25T16:41:30","slug":"home","status":"publish","type":"page","link":"https:\/\/www.myessensi.com\/lt\/","title":{"rendered":"home"},"content":{"rendered":"\t\t<div data-elementor-type=\"wp-page\" data-elementor-id=\"121\" class=\"elementor elementor-121\">\n\t\t\t\t\t\t<section class=\"elementor-section elementor-top-section elementor-element elementor-element-ae4c156 elementor-section-boxed elementor-section-height-default elementor-section-height-default sc_fly_static\" data-id=\"ae4c156\" data-element_type=\"section\" data-e-type=\"section\">\n\t\t\t\t\t\t<div class=\"elementor-container elementor-column-gap-extended\">\n\t\t\t\t\t<div class=\"elementor-column elementor-col-50 elementor-top-column elementor-element elementor-element-12ccc5b sc_content_align_inherit sc_layouts_column_icons_position_left sc_fly_static\" data-id=\"12ccc5b\" data-element_type=\"column\" data-e-type=\"column\">\n\t\t\t<div class=\"elementor-widget-wrap elementor-element-populated\">\n\t\t\t\t\t\t<div class=\"elementor-element elementor-element-e3de4eb elementor-widget__width-initial sc_fly_static elementor-widget elementor-widget-image\" data-id=\"e3de4eb\" data-element_type=\"widget\" data-e-type=\"widget\" data-widget_type=\"image.default\">\n\t\t\t\t<div class=\"elementor-widget-container\">\n\t\t\t\t\t\t\t\t\t\t\t\t\t\t\t<img fetchpriority=\"high\" decoding=\"async\" width=\"819\" height=\"1024\" src=\"https:\/\/www.myessensi.com\/wp-content\/uploads\/2026\/02\/essensi-flower-1-819x1024.png\" class=\"attachment-large size-large wp-image-1073\" alt=\"\" srcset=\"https:\/\/www.myessensi.com\/wp-content\/uploads\/2026\/02\/essensi-flower-1-819x1024.png 819w, https:\/\/www.myessensi.com\/wp-content\/uploads\/2026\/02\/essensi-flower-1-240x300.png 240w, https:\/\/www.myessensi.com\/wp-content\/uploads\/2026\/02\/essensi-flower-1-768x960.png 768w, https:\/\/www.myessensi.com\/wp-content\/uploads\/2026\/02\/essensi-flower-1-370x463.png 370w, https:\/\/www.myessensi.com\/wp-content\/uploads\/2026\/02\/essensi-flower-1-368x460.png 368w, https:\/\/www.myessensi.com\/wp-content\/uploads\/2026\/02\/essensi-flower-1-760x950.png 760w, https:\/\/www.myessensi.com\/wp-content\/uploads\/2026\/02\/essensi-flower-1-360x450.png 360w, https:\/\/www.myessensi.com\/wp-content\/uploads\/2026\/02\/essensi-flower-1.png 1080w\" sizes=\"(max-width: 819px) 100vw, 819px\" \/>\t\t\t\t\t\t\t\t\t\t\t\t\t\t\t<\/div>\n\t\t\t\t<\/div>\n\t\t\t\t\t<\/div>\n\t\t<\/div>\n\t\t\t\t<div class=\"elementor-column elementor-col-50 elementor-top-column elementor-element elementor-element-5fca8c5 sc_content_align_inherit sc_layouts_column_icons_position_left sc_fly_static\" data-id=\"5fca8c5\" data-element_type=\"column\" data-e-type=\"column\">\n\t\t\t<div class=\"elementor-widget-wrap elementor-element-populated\">\n\t\t\t\t\t\t<div class=\"elementor-element elementor-element-fcf933c sc_fly_static elementor-widget elementor-widget-text-editor\" data-id=\"fcf933c\" data-element_type=\"widget\" data-e-type=\"widget\" data-widget_type=\"text-editor.default\">\n\t\t\t\t<div class=\"elementor-widget-container\">\n\t\t\t\t\t\t\t\t\t<div class=\"wp-block-columns\">\n<div class=\"wp-block-column\" style=\"flex-basis: 66.66%;\"><b>essens\u00ed<\/b><b><br \/><\/b><span style=\"font-weight: 400;\"><span style=\"font-weight: 400;\">tiesiog b\u016bti<br \/><br \/><\/span><\/span>\n<p><span style=\"font-weight: 400;\">pasaulyje, kuris nuolat reikalauja jud\u0117ti, <\/span><b>essens\u00ed<\/b><span style=\"font-weight: 400;\"> si\u016blo pauz\u0119\u2026<\/span><span style=\"font-weight: 400;\"><br \/><\/span><span style=\"font-weight: 400;\"> ne tam, kad tobul\u0117tum<\/span><span style=\"font-weight: 400;\"><br \/><\/span><span style=\"font-weight: 400;\"> ne tam, kad taptum<\/span><span style=\"font-weight: 400;\"><br \/><\/span><span style=\"font-weight: 400;\"> tiesiog tam, kad b\u016btum\u2026<\/span><\/p>\n<p><span style=\"font-weight: 400;\">tai erdv\u0117 sugr\u012f\u017eti<\/span><span style=\"font-weight: 400;\"><br \/><\/span><span style=\"font-weight: 400;\">I\u0161 i\u0161orinio triuk\u0161mo \u012f save- <\/span><span style=\"font-weight: 400;\"><br \/><\/span><span style=\"font-weight: 400;\">tiesiog pab\u016bti savy<\/span><\/p>\n<p><span style=\"font-weight: 400;\">tavo ramyb\u0117 yra vieta, kur gimsta visa magija<\/span><\/p>\n<p><span style=\"font-weight: 400;\">\u010dia rasi paprastas kasdienes praktikas<\/span><span style=\"font-weight: 400;\"><br \/><\/span><span style=\"font-weight: 400;\">jos palyd\u0117s tave \u012f tavo vidin\u0119 ramyb\u0119<\/span><\/p>\n<\/div>\n<\/div>\n<p><\/p>\n<p><\/p>\t\t\t\t\t\t\t\t<\/div>\n\t\t\t\t<\/div>\n\t\t\t\t\t<\/div>\n\t\t<\/div>\n\t\t\t\t\t<\/div>\n\t\t<\/section>\n\t\t\t\t<\/div>\n\t\t","protected":false},"excerpt":{"rendered":"<p>essens\u00edtiesiog b\u016bti pasaulyje, kuris nuolat reikalauja jud\u0117ti, essens\u00ed si\u016blo pauz\u0119\u2026 ne tam, kad tobul\u0117tum ne tam, kad taptum tiesiog tam, kad b\u016btum\u2026 tai erdv\u0117 sugr\u012f\u017etiI\u0161 i\u0161orinio triuk\u0161mo \u012f save- tiesiog pab\u016bti savy tavo ramyb\u0117 yra vieta, kur gimsta visa magija \u010dia rasi paprastas kasdienes praktikasjos palyd\u0117s tave \u012f tavo vidin\u0119 ramyb\u0119<\/p>\n","protected":false},"author":3,"featured_media":0,"parent":0,"menu_order":0,"comment_status":"closed","ping_status":"closed","template":"","meta":{"footnotes":""},"class_list":["post-121","page","type-page","status-publish","hentry"],"jetpack_sharing_enabled":true,"_links":{"self":[{"href":"https:\/\/www.myessensi.com\/lt\/wp-json\/wp\/v2\/pages\/121","targetHints":{"allow":["GET"]}}],"collection":[{"href":"https:\/\/www.myessensi.com\/lt\/wp-json\/wp\/v2\/pages"}],"about":[{"href":"https:\/\/www.myessensi.com\/lt\/wp-json\/wp\/v2\/types\/page"}],"author":[{"embeddable":true,"href":"https:\/\/www.myessensi.com\/lt\/wp-json\/wp\/v2\/users\/3"}],"replies":[{"embeddable":true,"href":"https:\/\/www.myessensi.com\/lt\/wp-json\/wp\/v2\/comments?post=121"}],"version-history":[{"count":0,"href":"https:\/\/www.myessensi.com\/lt\/wp-json\/wp\/v2\/pages\/121\/revisions"}],"wp:attachment":[{"href":"https:\/\/www.myessensi.com\/lt\/wp-json\/wp\/v2\/media?parent=121"}],"curies":[{"name":"wp","href":"https:\/\/api.w.org\/{rel}","templated":true}]}}